{"id":16,"date":"2024-04-08T03:07:47","date_gmt":"2024-04-08T03:07:47","guid":{"rendered":"http:\/\/borx.cl\/contacto\/"},"modified":"2025-08-18T21:50:09","modified_gmt":"2025-08-18T21:50:09","slug":"contacto","status":"publish","type":"page","link":"https:\/\/borx.cl\/en\/contacto\/","title":{"rendered":"Contact"},"content":{"rendered":"\t\t<div data-elementor-type=\"wp-page\" data-elementor-id=\"16\" class=\"elementor elementor-16\" data-elementor-post-type=\"page\">\n\t\t\t\t<div class=\"elementor-element elementor-element-91f16d8 e-con-full e-flex e-con e-parent\" data-id=\"91f16d8\" data-element_type=\"container\" data-e-type=\"container\" data-settings=\"{&quot;background_background&quot;:&quot;classic&quot;}\">\n\t\t<div class=\"elementor-element elementor-element-2e006d9 e-flex e-con-boxed e-con e-child\" data-id=\"2e006d9\" data-element_type=\"container\" data-e-type=\"container\">\n\t\t\t\t\t<div class=\"e-con-inner\">\n\t\t\t\t<div class=\"elementor-element elementor-element-e8e59ea elementor-widget elementor-widget-heading\" data-id=\"e8e59ea\" data-element_type=\"widget\" data-e-type=\"widget\" data-widget_type=\"heading.default\">\n\t\t\t\t<div class=\"elementor-widget-container\">\n\t\t\t\t\t<h1 class=\"elementor-heading-title elementor-size-default\">Contacto<\/h1>\t\t\t\t<\/div>\n\t\t\t\t<\/div>\n\t\t\t\t\t<\/div>\n\t\t\t\t<\/div>\n\t\t\t\t<\/div>\n\t\t<div class=\"elementor-element elementor-element-337f0ffc e-flex e-con-boxed e-con e-parent\" data-id=\"337f0ffc\" data-element_type=\"container\" data-e-type=\"container\">\n\t\t\t\t\t<div class=\"e-con-inner\">\n\t\t<div class=\"elementor-element elementor-element-0c48bb6 e-con-full e-flex e-con e-child\" data-id=\"0c48bb6\" data-element_type=\"container\" data-e-type=\"container\">\n\t\t\t\t<div class=\"elementor-element elementor-element-62011b0 elementor-widget elementor-widget-heading\" data-id=\"62011b0\" data-element_type=\"widget\" data-e-type=\"widget\" data-widget_type=\"heading.default\">\n\t\t\t\t<div class=\"elementor-widget-container\">\n\t\t\t\t\t<h2 class=\"elementor-heading-title elementor-size-default\">\u00a1Conectemos!<\/h2>\t\t\t\t<\/div>\n\t\t\t\t<\/div>\n\t\t\t\t<div class=\"elementor-element elementor-element-8628d1b elementor-widget elementor-widget-text-editor\" data-id=\"8628d1b\" data-element_type=\"widget\" data-e-type=\"widget\" data-widget_type=\"text-editor.default\">\n\t\t\t\t<div class=\"elementor-widget-container\">\n\t\t\t\t\t\t\t\t\t<p>Estamos listos para ayudarte a transformar tus ideas en soluciones tecnol\u00f3gicas impactantes. En Borx Tech, nuestro equipo de expertos est\u00e1 preparado para entender tus necesidades y guiarte en cada paso.<\/p><p>Ya sea que busques desarrollar una nueva aplicaci\u00f3n, optimizar tus procesos actuales o simplemente explorar las posibilidades que la tecnolog\u00eda puede ofrecer a tu empresa, estamos aqu\u00ed para escucharte.<\/p><p>\u00a0<\/p><p><strong>\u00a1Env\u00edanos un mensaje con tu consulta o la descripci\u00f3n de tu proyecto, y uno de nuestros especialistas se pondr\u00e1 en contacto!<\/strong><\/p>\t\t\t\t\t\t\t\t<\/div>\n\t\t\t\t<\/div>\n\t\t\t\t<div class=\"elementor-element elementor-element-cfec6e0 elementor-widget elementor-widget-wpforms\" data-id=\"cfec6e0\" data-element_type=\"widget\" data-e-type=\"widget\" data-widget_type=\"wpforms.default\">\n\t\t\t\t<div class=\"elementor-widget-container\">\n\t\t\t\t\t<style id=\"wpforms-css-vars-elementor-widget-cfec6e0\">\n\t\t\t\t.elementor-widget-wpforms.elementor-element-cfec6e0 {\n\t\t\t\t--wpforms-field-border-radius: 10px;\n--wpforms-field-border-color: #B8B6B6;\n--wpforms-field-border-color-spare: #B8B6B6;\n--wpforms-button-border-style: solid;\n--wpforms-button-border-radius: 20px;\n--wpforms-button-background-color: #0FA7D5;\n--wpforms-button-size-font-size: 20px;\n--wpforms-button-size-height: 48px;\n--wpforms-button-size-padding-h: 20px;\n--wpforms-button-size-margin-top: 15px;\n\t\t\t}\n\t\t\t<\/style><div class=\"wpforms-container wpforms-container-full wpforms-render-modern\" id=\"wpforms-2677\"><form id=\"wpforms-form-2677\" class=\"wpforms-validate wpforms-form wpforms-ajax-form\" data-formid=\"2677\" method=\"post\" enctype=\"multipart\/form-data\" action=\"\/en\/wp-json\/wp\/v2\/pages\/16\" data-token=\"7ea3534c0b2562d9c0fb2ae7afccba56\" data-token-time=\"1775896673\"><noscript class=\"wpforms-error-noscript\">Please enable JavaScript in your browser to complete this form.<\/noscript><div id=\"wpforms-error-noscript\" style=\"display: none;\">Please enable JavaScript in your browser to complete this form.<\/div><div class=\"wpforms-field-container\">\t\t<div id=\"wpforms-2677-field_5-container\"\n\t\t\tclass=\"wpforms-field wpforms-field-text\"\n\t\t\tdata-field-type=\"text\"\n\t\t\tdata-field-id=\"5\"\n\t\t\t>\n\t\t\t<label class=\"wpforms-field-label\" for=\"wpforms-2677-field_5\" >electr\u00f3nico Nombre N\u00fameros<\/label>\n\t\t\t<input type=\"text\" id=\"wpforms-2677-field_5\" class=\"wpforms-field-medium\" name=\"wpforms[fields][5]\" >\n\t\t<\/div>\n\t\t<div id=\"wpforms-2677-field_1-container\" class=\"wpforms-field wpforms-field-name\" data-field-id=\"1\"><fieldset><legend class=\"wpforms-field-label wpforms-label-hide\" aria-hidden=\"false\">Nombre <span class=\"wpforms-required-label\" aria-hidden=\"true\">*<\/span><\/legend><div class=\"wpforms-field-row wpforms-field-large\"><div class=\"wpforms-field-row-block wpforms-first wpforms-one-half\"><input type=\"text\" id=\"wpforms-2677-field_1\" class=\"wpforms-field-name-first wpforms-field-required\" name=\"wpforms[fields][1][first]\" placeholder=\"Nombre\" aria-errormessage=\"wpforms-2677-field_1-error\" required><label for=\"wpforms-2677-field_1\" class=\"wpforms-field-sublabel after wpforms-sublabel-hide\">First<\/label><\/div><div class=\"wpforms-field-row-block wpforms-one-half\"><input type=\"text\" id=\"wpforms-2677-field_1-last\" class=\"wpforms-field-name-last wpforms-field-required\" name=\"wpforms[fields][1][last]\" placeholder=\"Apellidos \" aria-errormessage=\"wpforms-2677-field_1-last-error\" required><label for=\"wpforms-2677-field_1-last\" class=\"wpforms-field-sublabel after wpforms-sublabel-hide\">Last<\/label><\/div><\/div><\/fieldset><\/div><div id=\"wpforms-2677-field_3-container\" class=\"wpforms-field wpforms-field-number\" data-field-id=\"3\"><label class=\"wpforms-field-label wpforms-label-hide\" for=\"wpforms-2677-field_3\" aria-hidden=\"false\">N\u00fameros <span class=\"wpforms-required-label\" aria-hidden=\"true\">*<\/span><\/label><input type=\"number\" id=\"wpforms-2677-field_3\" class=\"wpforms-field-large wpforms-field-required\" name=\"wpforms[fields][3]\" placeholder=\"Tel\u00e9fono\" step=\"any\" aria-errormessage=\"wpforms-2677-field_3-error\" required><\/div><div id=\"wpforms-2677-field_2-container\" class=\"wpforms-field wpforms-field-email\" data-field-id=\"2\"><label class=\"wpforms-field-label wpforms-label-hide\" for=\"wpforms-2677-field_2\" aria-hidden=\"false\">Correo electr\u00f3nico <span class=\"wpforms-required-label\" aria-hidden=\"true\">*<\/span><\/label><input type=\"email\" id=\"wpforms-2677-field_2\" class=\"wpforms-field-large wpforms-field-required\" name=\"wpforms[fields][2]\" placeholder=\"Correo Electr\u00f3nico \" spellcheck=\"false\" aria-errormessage=\"wpforms-2677-field_2-error\" required><\/div><div id=\"wpforms-2677-field_4-container\" class=\"wpforms-field wpforms-field-textarea\" data-field-id=\"4\"><label class=\"wpforms-field-label wpforms-label-hide\" for=\"wpforms-2677-field_4\" aria-hidden=\"false\">Mensaje <span class=\"wpforms-required-label\" aria-hidden=\"true\">*<\/span><\/label><textarea id=\"wpforms-2677-field_4\" class=\"wpforms-field-medium wpforms-field-required\" name=\"wpforms[fields][4]\" placeholder=\"Consulta con nosotros!\" aria-errormessage=\"wpforms-2677-field_4-error\" required><\/textarea><\/div><script>\n\t\t\t\t( function() {\n\t\t\t\t\tconst style = document.createElement( 'style' );\n\t\t\t\t\tstyle.appendChild( document.createTextNode( '#wpforms-2677-field_5-container { position: absolute !important; overflow: hidden !important; display: inline !important; height: 1px !important; width: 1px !important; z-index: -1000 !important; padding: 0 !important; } #wpforms-2677-field_5-container input { visibility: hidden; } #wpforms-conversational-form-page #wpforms-2677-field_5-container label { counter-increment: none; }' ) );\n\t\t\t\t\tdocument.head.appendChild( style );\n\t\t\t\t\tdocument.currentScript?.remove();\n\t\t\t\t} )();\n\t\t\t<\/script><\/div><!-- .wpforms-field-container --><div class=\"wpforms-recaptcha-container wpforms-is-recaptcha wpforms-is-recaptcha-type-v2\" ><div class=\"g-recaptcha\" data-sitekey=\"6Ld1n6srAAAAAETdjp5Fa47EwA0O_pfgJ6RAD92G\"><\/div><input type=\"text\" name=\"g-recaptcha-hidden\" class=\"wpforms-recaptcha-hidden\" style=\"position:absolute!important;clip:rect(0,0,0,0)!important;height:1px!important;width:1px!important;border:0!important;overflow:hidden!important;padding:0!important;margin:0!important;\" data-rule-recaptcha=\"1\"><\/div><div class=\"wpforms-submit-container\" ><input type=\"hidden\" name=\"wpforms[id]\" value=\"2677\"><input type=\"hidden\" name=\"page_title\" value=\"\"><input type=\"hidden\" name=\"page_url\" value=\"https:\/\/borx.cl\/en\/wp-json\/wp\/v2\/pages\/16\"><input type=\"hidden\" name=\"url_referer\" value=\"\"><button type=\"submit\" name=\"wpforms[submit]\" id=\"wpforms-submit-2677\" class=\"wpforms-submit\" data-alt-text=\"Enviando...\" data-submit-text=\"Enviar\" aria-live=\"assertive\" value=\"wpforms-submit\">Enviar<\/button><img decoding=\"async\" src=\"https:\/\/borx.cl\/wp-content\/plugins\/wpforms-lite\/assets\/images\/submit-spin.svg\" class=\"wpforms-submit-spinner\" style=\"display: none;\" width=\"26\" height=\"26\" alt=\"Loading\"><\/div><\/form><\/div>  <!-- .wpforms-container -->\t\t\t\t<\/div>\n\t\t\t\t<\/div>\n\t\t\t\t<div class=\"elementor-element elementor-element-cfeb9c8 elementor-widget elementor-widget-bdevs-faq-section-home1\" data-id=\"cfeb9c8\" data-element_type=\"widget\" data-e-type=\"widget\" data-widget_type=\"bdevs-faq-section-home1.default\">\n\t\t\t\t<div class=\"elementor-widget-container\">\n\t\t\t\t\t \r\n\r\n<section id=\"faq\" class=\"faq-area default\">\r\n\t<div class=\"container\">\r\n\t\t<div class=\"row align-items-center justify-content-between\">\r\n\t\t\t\t\t\t\t<div class=\"col-lg-12\">\r\n\t\t\t\t\t\t\t\t<div class=\"section-title\">\r\n\t\t\t\t\t\t<span class=\"tag default\"><\/span>\r\n\t\t\t\t\t\t<h2 class=\"title default\">Preguntas Frecuentes<\/h2>\r\n\t\t\t\t\t<\/div>\r\n\t\t\t\t\t<div class=\"accordion\" id=\"faqAccordion\">\r\n\t\t\t\t\t\t\t\t\t\t\t\t\t<div class=\"accordion-item\">\r\n\t\t\t\t\t\t\t\t<h3 class=\"accordion-header\" id=\"heading1\">\r\n\t\t\t\t\t\t\t\t\t\t\t\t\t\t\t\t\t\t\t<button class=\"accordion-button\" type=\"button\" data-bs-toggle=\"collapse\" data-bs-target=\"#collapse1\" aria-expanded=\"true\" aria-controls=\"collapse1\">\r\n\t\t\t\t\t\t\t\t\t\t\t\t\t\t\t\t\t\t\t\t\u00bfPueden crear aplicaciones empresariales personalizadas para satisfacer mis necesidades espec\u00edficas?\t\t\t\t\t\t\t\t\t\t<\/button>\r\n\t\t\t\t\t\t\t\t<\/h3>\r\n\t\t\t\t\t\t\t\t\t\t\t\t\t\t\t\t\t<div id=\"collapse1\" class=\"accordion-collapse collapse show\" aria-labelledby=\"heading1\" data-bs-parent=\"#faqAccordion\">\r\n\t\t\t\t\t\t\t\t\t\t\t\t\t\t\t\t\t\t<div class=\"accordion-body\">\r\n\t\t\t\t\t\t\t\t\t\t\t<p>S\u00ed, en Desarrollos Tecnol\u00f3gicos Ib\u00e9ricos nos especializamos en la creaci\u00f3n de aplicaciones empresariales personalizadas. Trabajamos estrechamente con nuestros clientes para entender sus necesidades y desarrollar soluciones a medida que impulsen la eficiencia y el crecimiento de sus empresas.<\/p>\r\n\t\t\t\t\t\t\t\t\t\t<\/div>\r\n\t\t\t\t\t\t\t\t\t<\/div>\r\n\t\t\t\t\t\t\t<\/div>\r\n\t\t\t\t\t\t\t\t\t\t\t\t\t<div class=\"accordion-item\">\r\n\t\t\t\t\t\t\t\t<h3 class=\"accordion-header\" id=\"heading2\">\r\n\t\t\t\t\t\t\t\t\t\t\t\t\t\t\t\t\t\t\t<button class=\"accordion-button collapsed\" type=\"button\" data-bs-toggle=\"collapse\" data-bs-target=\"#collapse2\" aria-expanded=\"true\" aria-controls=\"collapse2\">\r\n\t\t\t\t\t\t\t\t\t\t\t\t\t\t\t\t\t\t\t\t\u00bfQu\u00e9 tecnolog\u00edas utilizan en el desarrollo de software?\t\t\t\t\t\t\t\t\t\t<\/button>\r\n\t\t\t\t\t\t\t\t<\/h3>\r\n\t\t\t\t\t\t\t\t\t\t\t\t\t\t\t\t\t<div id=\"collapse2\" class=\"accordion-collapse collapse\" aria-labelledby=\"heading2\" data-bs-parent=\"#faqAccordion\">\r\n\t\t\t\t\t\t\t\t\t\t\t\t\t\t\t\t\t\t<div class=\"accordion-body\">\r\n\t\t\t\t\t\t\t\t\t\t\t<p>Nuestro equipo de desarrollo de software est\u00e1 compuesto por expertos altamente capacitados en diversas tecnolog\u00edas y lenguajes de programaci\u00f3n. Utilizamos las \u00faltimas herramientas y metodolog\u00edas para garantizar que nuestras aplicaciones sean innovadoras, seguras y escalables.<\/p>\r\n\t\t\t\t\t\t\t\t\t\t<\/div>\r\n\t\t\t\t\t\t\t\t\t<\/div>\r\n\t\t\t\t\t\t\t<\/div>\r\n\t\t\t\t\t\t\t\t\t\t\t\t\t<div class=\"accordion-item\">\r\n\t\t\t\t\t\t\t\t<h3 class=\"accordion-header\" id=\"heading3\">\r\n\t\t\t\t\t\t\t\t\t\t\t\t\t\t\t\t\t\t\t<button class=\"accordion-button collapsed\" type=\"button\" data-bs-toggle=\"collapse\" data-bs-target=\"#collapse3\" aria-expanded=\"true\" aria-controls=\"collapse3\">\r\n\t\t\t\t\t\t\t\t\t\t\t\t\t\t\t\t\t\t\t\t\u00bfOfrecen servicios de mantenimiento y soporte?\t\t\t\t\t\t\t\t\t\t<\/button>\r\n\t\t\t\t\t\t\t\t<\/h3>\r\n\t\t\t\t\t\t\t\t\t\t\t\t\t\t\t\t\t<div id=\"collapse3\" class=\"accordion-collapse collapse\" aria-labelledby=\"heading3\" data-bs-parent=\"#faqAccordion\">\r\n\t\t\t\t\t\t\t\t\t\t\t\t\t\t\t\t\t\t<div class=\"accordion-body\">\r\n\t\t\t\t\t\t\t\t\t\t\t<p>S\u00ed, ofrecemos servicios de mantenimiento y soporte para las aplicaciones que desarrollamos. Nuestro equipo de soporte t\u00e9cnico est\u00e1 disponible para resolver cualquier problema o inquietud que pueda surgir, garantizando as\u00ed un funcionamiento continuo y sin interrupciones de sus aplicaciones.<\/p>\r\n\t\t\t\t\t\t\t\t\t\t<\/div>\r\n\t\t\t\t\t\t\t\t\t<\/div>\r\n\t\t\t\t\t\t\t<\/div>\r\n\t\t\t\t\t\t\t\t\t\t\t<\/div>\r\n\t\t\t\t<\/div>\r\n\t\t\t\t\t<\/div>\r\n\t<\/div>\r\n<\/section>\r\n\r\n\r\n\t\t\t\t<\/div>\n\t\t\t\t<\/div>\n\t\t\t\t<\/div>\n\t\t\t\t\t<\/div>\n\t\t\t\t<\/div>\n\t\t<div class=\"elementor-element elementor-element-e0e5d59 e-con-full e-flex e-con e-parent\" data-id=\"e0e5d59\" data-element_type=\"container\" data-e-type=\"container\" data-settings=\"{&quot;background_background&quot;:&quot;classic&quot;}\">\n\t\t\t\t<\/div>\n\t\t\t\t<\/div>\n\t\t","protected":false},"excerpt":{"rendered":"<p>Contacto \u00a1Conectemos! Estamos listos para ayudarte a transformar tus ideas en soluciones tecnol\u00f3gicas impactantes. En Borx Tech, nuestro equipo de expertos est\u00e1 preparado para entender tus necesidades y guiarte en cada paso. Ya sea que busques desarrollar una nueva aplicaci\u00f3n, optimizar tus procesos actuales o simplemente explorar las posibilidades que la tecnolog\u00eda puede ofrecer a [&hellip;]<\/p>\n","protected":false},"author":1,"featured_media":0,"parent":0,"menu_order":0,"comment_status":"closed","ping_status":"closed","template":"page-templates\/home-1-template.php","meta":{"inline_featured_image":false,"footnotes":""},"class_list":["post-16","page","type-page","status-publish","hentry"],"aioseo_notices":[],"_links":{"self":[{"href":"https:\/\/borx.cl\/en\/wp-json\/wp\/v2\/pages\/16","targetHints":{"allow":["GET"]}}],"collection":[{"href":"https:\/\/borx.cl\/en\/wp-json\/wp\/v2\/pages"}],"about":[{"href":"https:\/\/borx.cl\/en\/wp-json\/wp\/v2\/types\/page"}],"author":[{"embeddable":true,"href":"https:\/\/borx.cl\/en\/wp-json\/wp\/v2\/users\/1"}],"replies":[{"embeddable":true,"href":"https:\/\/borx.cl\/en\/wp-json\/wp\/v2\/comments?post=16"}],"version-history":[{"count":26,"href":"https:\/\/borx.cl\/en\/wp-json\/wp\/v2\/pages\/16\/revisions"}],"predecessor-version":[{"id":2949,"href":"https:\/\/borx.cl\/en\/wp-json\/wp\/v2\/pages\/16\/revisions\/2949"}],"wp:attachment":[{"href":"https:\/\/borx.cl\/en\/wp-json\/wp\/v2\/media?parent=16"}],"curies":[{"name":"wp","href":"https:\/\/api.w.org\/{rel}","templated":true}]}}