{"id":18,"date":"2024-04-08T03:07:51","date_gmt":"2024-04-08T03:07:51","guid":{"rendered":"http:\/\/borx.cl\/servicios\/"},"modified":"2025-08-18T22:40:34","modified_gmt":"2025-08-18T22:40:34","slug":"servicios","status":"publish","type":"page","link":"https:\/\/borx.cl\/en\/servicios\/","title":{"rendered":"Services"},"content":{"rendered":"<div data-elementor-type=\"wp-page\" data-elementor-id=\"18\" class=\"elementor elementor-18\" data-elementor-post-type=\"page\">\n\t\t\t\t<div class=\"elementor-element elementor-element-3aefe2c e-con-full e-flex e-con e-parent\" data-id=\"3aefe2c\" data-element_type=\"container\" data-e-type=\"container\" data-settings=\"{&quot;background_background&quot;:&quot;classic&quot;}\">\n\t\t<div class=\"elementor-element elementor-element-5eedc4a e-flex e-con-boxed e-con e-child\" data-id=\"5eedc4a\" data-element_type=\"container\" data-e-type=\"container\">\n\t\t\t\t\t<div class=\"e-con-inner\">\n\t\t\t\t<div class=\"elementor-element elementor-element-af77221 elementor-widget elementor-widget-heading\" data-id=\"af77221\" data-element_type=\"widget\" data-e-type=\"widget\" data-widget_type=\"heading.default\">\n\t\t\t\t<div class=\"elementor-widget-container\">\n\t\t\t\t\t<h1 class=\"elementor-heading-title elementor-size-default\">Services<\/h1>\t\t\t\t<\/div>\n\t\t\t\t<\/div>\n\t\t\t\t\t<\/div>\n\t\t\t\t<\/div>\n\t\t\t\t<\/div>\n\t\t<div class=\"elementor-element elementor-element-ec9a367 e-flex e-con-boxed e-con e-parent\" data-id=\"ec9a367\" data-element_type=\"container\" data-e-type=\"container\">\n\t\t\t\t\t<div class=\"e-con-inner\">\n\t\t<div class=\"elementor-element elementor-element-6d387ce e-flex e-con-boxed e-con e-child\" data-id=\"6d387ce\" data-element_type=\"container\" data-e-type=\"container\">\n\t\t\t\t\t<div class=\"e-con-inner\">\n\t\t\t\t<div class=\"elementor-element elementor-element-f334183 elementor-widget elementor-widget-heading\" data-id=\"f334183\" data-element_type=\"widget\" data-e-type=\"widget\" data-widget_type=\"heading.default\">\n\t\t\t\t<div class=\"elementor-widget-container\">\n\t\t\t\t\t<h2 class=\"elementor-heading-title elementor-size-default\">Tailored Technology Solutions for your Business<\/h2>\t\t\t\t<\/div>\n\t\t\t\t<\/div>\n\t\t\t\t<div class=\"elementor-element elementor-element-db0c8e1 elementor-widget elementor-widget-text-editor\" data-id=\"db0c8e1\" data-element_type=\"widget\" data-e-type=\"widget\" data-widget_type=\"text-editor.default\">\n\t\t\t\t<div class=\"elementor-widget-container\">\n\t\t\t\t\t\t\t\t\t<p data-start=\"297\" data-end=\"638\" class=\"translation-block\">At <strong data-start=\"300\" data-end=\"320\">Borx | Tech Partner <\/strong>we drive your company's digital transformation through innovative solutions tailored to your needs. Our approach combines technology development, industry expertise and a strategic vision to optimize processes, boost your productivity and scale your digital products with strength.<\/p>\t\t\t\t\t\t\t\t<\/div>\n\t\t\t\t<\/div>\n\t\t\t\t\t<\/div>\n\t\t\t\t<\/div>\n\t\t\t\t\t<\/div>\n\t\t\t\t<\/div>\n\t\t<div class=\"elementor-element elementor-element-fed850a e-con-full e-flex e-con e-parent\" data-id=\"fed850a\" data-element_type=\"container\" data-e-type=\"container\" data-settings=\"{&quot;background_background&quot;:&quot;classic&quot;}\">\n\t\t\t\t<\/div>\n\t\t<div class=\"elementor-element elementor-element-c0372b7 e-flex e-con-boxed e-con e-parent\" data-id=\"c0372b7\" data-element_type=\"container\" data-e-type=\"container\" id=\"desarrollo-software\">\n\t\t\t\t\t<div class=\"e-con-inner\">\n\t\t<div class=\"elementor-element elementor-element-c4aeb54 e-con-full e-flex e-con e-child\" data-id=\"c4aeb54\" data-element_type=\"container\" data-e-type=\"container\">\n\t\t\t\t<div class=\"elementor-element elementor-element-c151a50 elementor-widget elementor-widget-heading\" data-id=\"c151a50\" data-element_type=\"widget\" data-e-type=\"widget\" data-widget_type=\"heading.default\">\n\t\t\t\t<div class=\"elementor-widget-container\">\n\t\t\t\t\t<h2 class=\"elementor-heading-title elementor-size-default\">Custom Software Development<\/h2>\t\t\t\t<\/div>\n\t\t\t\t<\/div>\n\t\t\t\t<div class=\"elementor-element elementor-element-423a19d elementor-widget elementor-widget-text-editor\" data-id=\"423a19d\" data-element_type=\"widget\" data-e-type=\"widget\" data-widget_type=\"text-editor.default\">\n\t\t\t\t<div class=\"elementor-widget-container\">\n\t\t\t\t\t\t\t\t\t<p>At Borx Tech Partner, we offer custom software development services designed to drive your business's success. From mobile applications to enterprise systems integration, our team is equipped to support you at every stage of your software journey.<\/p>\t\t\t\t\t\t\t\t<\/div>\n\t\t\t\t<\/div>\n\t\t\t\t<\/div>\n\t\t<div class=\"elementor-element elementor-element-9ba677e e-con-full e-flex e-con e-child\" data-id=\"9ba677e\" data-element_type=\"container\" data-e-type=\"container\">\n\t\t\t\t<div class=\"elementor-element elementor-element-7c2980e elementor-invisible elementor-widget elementor-widget-image\" data-id=\"7c2980e\" data-element_type=\"widget\" data-e-type=\"widget\" data-settings=\"{&quot;_animation&quot;:&quot;fadeIn&quot;}\" data-widget_type=\"image.default\">\n\t\t\t\t<div class=\"elementor-widget-container\">\n\t\t\t\t\t\t\t\t\t\t\t\t\t\t\t<img fetchpriority=\"high\" decoding=\"async\" width=\"500\" height=\"500\" src=\"https:\/\/borx.cl\/wp-content\/uploads\/2025\/08\/sistemas-borx-tech.webp\" class=\"attachment-large size-large wp-image-2458\" alt=\"Servicio de Sistemas\" srcset=\"https:\/\/borx.cl\/wp-content\/uploads\/2025\/08\/sistemas-borx-tech.webp 500w, https:\/\/borx.cl\/wp-content\/uploads\/2025\/08\/sistemas-borx-tech-300x300.webp 300w, https:\/\/borx.cl\/wp-content\/uploads\/2025\/08\/sistemas-borx-tech-150x150.webp 150w, https:\/\/borx.cl\/wp-content\/uploads\/2025\/08\/sistemas-borx-tech-12x12.webp 12w\" sizes=\"(max-width: 500px) 100vw, 500px\" \/>\t\t\t\t\t\t\t\t\t\t\t\t\t\t\t<\/div>\n\t\t\t\t<\/div>\n\t\t\t\t<\/div>\n\t\t\t\t\t<\/div>\n\t\t\t\t<\/div>\n\t\t<div class=\"elementor-element elementor-element-a386f38 e-transform e-flex e-con-boxed e-con e-parent\" data-id=\"a386f38\" data-element_type=\"container\" data-e-type=\"container\" id=\"desarrollo-aplicaciones\" data-settings=\"{&quot;background_background&quot;:&quot;classic&quot;,&quot;_transform_rotateZ_effect_mobile&quot;:{&quot;unit&quot;:&quot;deg&quot;,&quot;size&quot;:0,&quot;sizes&quot;:[]},&quot;_transform_rotateZ_effect&quot;:{&quot;unit&quot;:&quot;px&quot;,&quot;size&quot;:&quot;&quot;,&quot;sizes&quot;:[]},&quot;_transform_rotateZ_effect_tablet&quot;:{&quot;unit&quot;:&quot;deg&quot;,&quot;size&quot;:&quot;&quot;,&quot;sizes&quot;:[]}}\">\n\t\t\t\t\t<div class=\"e-con-inner\">\n\t\t<div class=\"elementor-element elementor-element-109ecb4 e-con-full e-flex e-con e-child\" data-id=\"109ecb4\" data-element_type=\"container\" data-e-type=\"container\">\n\t\t\t\t<div class=\"elementor-element elementor-element-95c512c elementor-invisible elementor-widget elementor-widget-image\" data-id=\"95c512c\" data-element_type=\"widget\" data-e-type=\"widget\" data-settings=\"{&quot;_animation&quot;:&quot;fadeIn&quot;}\" data-widget_type=\"image.default\">\n\t\t\t\t<div class=\"elementor-widget-container\">\n\t\t\t\t\t\t\t\t\t\t\t\t\t\t\t<img decoding=\"async\" width=\"500\" height=\"500\" src=\"https:\/\/borx.cl\/wp-content\/uploads\/2025\/08\/app-borx-tech.webp\" class=\"attachment-large size-large wp-image-2459\" alt=\"Servicio app borx tech\" srcset=\"https:\/\/borx.cl\/wp-content\/uploads\/2025\/08\/app-borx-tech.webp 500w, https:\/\/borx.cl\/wp-content\/uploads\/2025\/08\/app-borx-tech-300x300.webp 300w, https:\/\/borx.cl\/wp-content\/uploads\/2025\/08\/app-borx-tech-150x150.webp 150w, https:\/\/borx.cl\/wp-content\/uploads\/2025\/08\/app-borx-tech-12x12.webp 12w\" sizes=\"(max-width: 500px) 100vw, 500px\" \/>\t\t\t\t\t\t\t\t\t\t\t\t\t\t\t<\/div>\n\t\t\t\t<\/div>\n\t\t\t\t<\/div>\n\t\t<div class=\"elementor-element elementor-element-4ce127f e-con-full e-flex e-con e-child\" data-id=\"4ce127f\" data-element_type=\"container\" data-e-type=\"container\">\n\t\t\t\t<div class=\"elementor-element elementor-element-0cf0521 elementor-widget elementor-widget-heading\" data-id=\"0cf0521\" data-element_type=\"widget\" data-e-type=\"widget\" data-widget_type=\"heading.default\">\n\t\t\t\t<div class=\"elementor-widget-container\">\n\t\t\t\t\t<h2 class=\"elementor-heading-title elementor-size-default\">Mobile Application Development<\/h2>\t\t\t\t<\/div>\n\t\t\t\t<\/div>\n\t\t\t\t<div class=\"elementor-element elementor-element-eb0e97f elementor-widget elementor-widget-text-editor\" data-id=\"eb0e97f\" data-element_type=\"widget\" data-e-type=\"widget\" data-widget_type=\"text-editor.default\">\n\t\t\t\t<div class=\"elementor-widget-container\">\n\t\t\t\t\t\t\t\t\t<p>We create custom mobile applications for iOS and Android platforms that drive business success, improve customer engagement, and increase operational efficiency.<\/p>\t\t\t\t\t\t\t\t<\/div>\n\t\t\t\t<\/div>\n\t\t\t\t<\/div>\n\t\t\t\t\t<\/div>\n\t\t\t\t<\/div>\n\t\t<div class=\"elementor-element elementor-element-682ffe5 e-flex e-con-boxed e-con e-parent\" data-id=\"682ffe5\" data-element_type=\"container\" data-e-type=\"container\" id=\"soluciones-software\">\n\t\t\t\t\t<div class=\"e-con-inner\">\n\t\t<div class=\"elementor-element elementor-element-e8978ca e-con-full e-flex e-con e-child\" data-id=\"e8978ca\" data-element_type=\"container\" data-e-type=\"container\">\n\t\t\t\t<div class=\"elementor-element elementor-element-611eb1c elementor-widget elementor-widget-heading\" data-id=\"611eb1c\" data-element_type=\"widget\" data-e-type=\"widget\" data-widget_type=\"heading.default\">\n\t\t\t\t<div class=\"elementor-widget-container\">\n\t\t\t\t\t<h2 class=\"elementor-heading-title elementor-size-default\">Custom Software Solutions<\/h2>\t\t\t\t<\/div>\n\t\t\t\t<\/div>\n\t\t\t\t<div class=\"elementor-element elementor-element-e58572d elementor-widget elementor-widget-text-editor\" data-id=\"e58572d\" data-element_type=\"widget\" data-e-type=\"widget\" data-widget_type=\"text-editor.default\">\n\t\t\t\t<div class=\"elementor-widget-container\">\n\t\t\t\t\t\t\t\t\t<p>Our expertise lies in developing custom software solutions for businesses. Whether you need a standalone application or complex enterprise software, we provide solutions tailored to meet your specific objectives.<\/p>\t\t\t\t\t\t\t\t<\/div>\n\t\t\t\t<\/div>\n\t\t\t\t<\/div>\n\t\t<div class=\"elementor-element elementor-element-f8a6fcf e-con-full e-flex e-con e-child\" data-id=\"f8a6fcf\" data-element_type=\"container\" data-e-type=\"container\">\n\t\t\t\t<div class=\"elementor-element elementor-element-1db88a0 elementor-invisible elementor-widget elementor-widget-image\" data-id=\"1db88a0\" data-element_type=\"widget\" data-e-type=\"widget\" data-settings=\"{&quot;_animation&quot;:&quot;fadeIn&quot;}\" data-widget_type=\"image.default\">\n\t\t\t\t<div class=\"elementor-widget-container\">\n\t\t\t\t\t\t\t\t\t\t\t\t\t\t\t<img decoding=\"async\" width=\"500\" height=\"500\" src=\"https:\/\/borx.cl\/wp-content\/uploads\/2025\/08\/Servicios-sistemas-IT.webp\" class=\"attachment-large size-large wp-image-2460\" alt=\"Servicios sistemas IT\" srcset=\"https:\/\/borx.cl\/wp-content\/uploads\/2025\/08\/Servicios-sistemas-IT.webp 500w, https:\/\/borx.cl\/wp-content\/uploads\/2025\/08\/Servicios-sistemas-IT-300x300.webp 300w, https:\/\/borx.cl\/wp-content\/uploads\/2025\/08\/Servicios-sistemas-IT-150x150.webp 150w, https:\/\/borx.cl\/wp-content\/uploads\/2025\/08\/Servicios-sistemas-IT-12x12.webp 12w\" sizes=\"(max-width: 500px) 100vw, 500px\" \/>\t\t\t\t\t\t\t\t\t\t\t\t\t\t\t<\/div>\n\t\t\t\t<\/div>\n\t\t\t\t<\/div>\n\t\t\t\t\t<\/div>\n\t\t\t\t<\/div>\n\t\t<div class=\"elementor-element elementor-element-56481ab e-transform e-flex e-con-boxed e-con e-parent\" data-id=\"56481ab\" data-element_type=\"container\" data-e-type=\"container\" id=\"multi-ecommerce\" data-settings=\"{&quot;background_background&quot;:&quot;classic&quot;,&quot;_transform_rotateZ_effect_mobile&quot;:{&quot;unit&quot;:&quot;deg&quot;,&quot;size&quot;:0,&quot;sizes&quot;:[]},&quot;_transform_rotateZ_effect&quot;:{&quot;unit&quot;:&quot;px&quot;,&quot;size&quot;:&quot;&quot;,&quot;sizes&quot;:[]},&quot;_transform_rotateZ_effect_tablet&quot;:{&quot;unit&quot;:&quot;deg&quot;,&quot;size&quot;:&quot;&quot;,&quot;sizes&quot;:[]}}\">\n\t\t\t\t\t<div class=\"e-con-inner\">\n\t\t<div class=\"elementor-element elementor-element-7601514 e-con-full e-flex e-con e-child\" data-id=\"7601514\" data-element_type=\"container\" data-e-type=\"container\">\n\t\t\t\t<div class=\"elementor-element elementor-element-80ef474 elementor-invisible elementor-widget elementor-widget-image\" data-id=\"80ef474\" data-element_type=\"widget\" data-e-type=\"widget\" data-settings=\"{&quot;_animation&quot;:&quot;fadeIn&quot;}\" data-widget_type=\"image.default\">\n\t\t\t\t<div class=\"elementor-widget-container\">\n\t\t\t\t\t\t\t\t\t\t\t\t\t\t\t<img loading=\"lazy\" decoding=\"async\" width=\"500\" height=\"500\" src=\"https:\/\/borx.cl\/wp-content\/uploads\/2025\/08\/e-commerce-services-1.webp\" class=\"attachment-large size-large wp-image-2588\" alt=\"Servicio E-commerce\" srcset=\"https:\/\/borx.cl\/wp-content\/uploads\/2025\/08\/e-commerce-services-1.webp 500w, https:\/\/borx.cl\/wp-content\/uploads\/2025\/08\/e-commerce-services-1-300x300.webp 300w, https:\/\/borx.cl\/wp-content\/uploads\/2025\/08\/e-commerce-services-1-150x150.webp 150w, https:\/\/borx.cl\/wp-content\/uploads\/2025\/08\/e-commerce-services-1-12x12.webp 12w\" sizes=\"(max-width: 500px) 100vw, 500px\" \/>\t\t\t\t\t\t\t\t\t\t\t\t\t\t\t<\/div>\n\t\t\t\t<\/div>\n\t\t\t\t<\/div>\n\t\t<div class=\"elementor-element elementor-element-6db5833 e-con-full e-flex e-con e-child\" data-id=\"6db5833\" data-element_type=\"container\" data-e-type=\"container\">\n\t\t\t\t<div class=\"elementor-element elementor-element-f566003 elementor-widget elementor-widget-heading\" data-id=\"f566003\" data-element_type=\"widget\" data-e-type=\"widget\" data-widget_type=\"heading.default\">\n\t\t\t\t<div class=\"elementor-widget-container\">\n\t\t\t\t\t<h2 class=\"elementor-heading-title elementor-size-default\">Multi eCommerce<\/h2>\t\t\t\t<\/div>\n\t\t\t\t<\/div>\n\t\t\t\t<div class=\"elementor-element elementor-element-323c475 elementor-widget elementor-widget-text-editor\" data-id=\"323c475\" data-element_type=\"widget\" data-e-type=\"widget\" data-widget_type=\"text-editor.default\">\n\t\t\t\t<div class=\"elementor-widget-container\">\n\t\t\t\t\t\t\t\t\t<p>Through different frameworks, such as Magento and Shopify. We provide eCommerce web platforms to improve your catalog showcase.<\/p>\t\t\t\t\t\t\t\t<\/div>\n\t\t\t\t<\/div>\n\t\t\t\t<\/div>\n\t\t\t\t\t<\/div>\n\t\t\t\t<\/div>\n\t\t<div class=\"elementor-element elementor-element-2c52bc1 e-flex e-con-boxed e-con e-parent\" data-id=\"2c52bc1\" data-element_type=\"container\" data-e-type=\"container\" id=\"infraestructura-ti\">\n\t\t\t\t\t<div class=\"e-con-inner\">\n\t\t<div class=\"elementor-element elementor-element-634ea2d e-con-full e-flex e-con e-child\" data-id=\"634ea2d\" data-element_type=\"container\" data-e-type=\"container\">\n\t\t\t\t<div class=\"elementor-element elementor-element-e39c115 elementor-widget elementor-widget-heading\" data-id=\"e39c115\" data-element_type=\"widget\" data-e-type=\"widget\" data-widget_type=\"heading.default\">\n\t\t\t\t<div class=\"elementor-widget-container\">\n\t\t\t\t\t<h2 class=\"elementor-heading-title elementor-size-default\">IT Infrastructure in the Cloud<\/h2>\t\t\t\t<\/div>\n\t\t\t\t<\/div>\n\t\t\t\t<div class=\"elementor-element elementor-element-c8413e9 elementor-widget elementor-widget-text-editor\" data-id=\"c8413e9\" data-element_type=\"widget\" data-e-type=\"widget\" data-widget_type=\"text-editor.default\">\n\t\t\t\t<div class=\"elementor-widget-container\">\n\t\t\t\t\t\t\t\t\t<p class=\"p1\">Installation and integration services of technologies in house or in the cloud, we also manage through consulting for the administration of projects related to IT equipment.<\/p>\t\t\t\t\t\t\t\t<\/div>\n\t\t\t\t<\/div>\n\t\t\t\t<\/div>\n\t\t<div class=\"elementor-element elementor-element-fd9f3da e-con-full e-flex e-con e-child\" data-id=\"fd9f3da\" data-element_type=\"container\" data-e-type=\"container\">\n\t\t\t\t<div class=\"elementor-element elementor-element-dcbc8fd elementor-invisible elementor-widget elementor-widget-image\" data-id=\"dcbc8fd\" data-element_type=\"widget\" data-e-type=\"widget\" data-settings=\"{&quot;_animation&quot;:&quot;fadeIn&quot;}\" data-widget_type=\"image.default\">\n\t\t\t\t<div class=\"elementor-widget-container\">\n\t\t\t\t\t\t\t\t\t\t\t\t\t\t\t<img loading=\"lazy\" decoding=\"async\" width=\"500\" height=\"500\" src=\"https:\/\/borx.cl\/wp-content\/uploads\/2025\/08\/IT-en-la-nube-services.webp\" class=\"attachment-large size-large wp-image-2572\" alt=\"Servicio IT en la Nube\" srcset=\"https:\/\/borx.cl\/wp-content\/uploads\/2025\/08\/IT-en-la-nube-services.webp 500w, https:\/\/borx.cl\/wp-content\/uploads\/2025\/08\/IT-en-la-nube-services-300x300.webp 300w, https:\/\/borx.cl\/wp-content\/uploads\/2025\/08\/IT-en-la-nube-services-150x150.webp 150w, https:\/\/borx.cl\/wp-content\/uploads\/2025\/08\/IT-en-la-nube-services-12x12.webp 12w\" sizes=\"(max-width: 500px) 100vw, 500px\" \/>\t\t\t\t\t\t\t\t\t\t\t\t\t\t\t<\/div>\n\t\t\t\t<\/div>\n\t\t\t\t<\/div>\n\t\t\t\t\t<\/div>\n\t\t\t\t<\/div>\n\t\t<div class=\"elementor-element elementor-element-927b909 e-transform e-flex e-con-boxed e-con e-parent\" data-id=\"927b909\" data-element_type=\"container\" data-e-type=\"container\" id=\"dise\u00f1o-productos-digitales\" data-settings=\"{&quot;background_background&quot;:&quot;classic&quot;,&quot;_transform_rotateZ_effect_mobile&quot;:{&quot;unit&quot;:&quot;deg&quot;,&quot;size&quot;:0,&quot;sizes&quot;:[]},&quot;_transform_rotateZ_effect&quot;:{&quot;unit&quot;:&quot;px&quot;,&quot;size&quot;:&quot;&quot;,&quot;sizes&quot;:[]},&quot;_transform_rotateZ_effect_tablet&quot;:{&quot;unit&quot;:&quot;deg&quot;,&quot;size&quot;:&quot;&quot;,&quot;sizes&quot;:[]}}\">\n\t\t\t\t\t<div class=\"e-con-inner\">\n\t\t<div class=\"elementor-element elementor-element-108a232 e-con-full e-flex e-con e-child\" data-id=\"108a232\" data-element_type=\"container\" data-e-type=\"container\">\n\t\t\t\t<div class=\"elementor-element elementor-element-92e9402 elementor-invisible elementor-widget elementor-widget-image\" data-id=\"92e9402\" data-element_type=\"widget\" data-e-type=\"widget\" data-settings=\"{&quot;_animation&quot;:&quot;fadeIn&quot;}\" data-widget_type=\"image.default\">\n\t\t\t\t<div class=\"elementor-widget-container\">\n\t\t\t\t\t\t\t\t\t\t\t\t\t\t\t<img loading=\"lazy\" decoding=\"async\" width=\"500\" height=\"500\" src=\"https:\/\/borx.cl\/wp-content\/uploads\/2025\/08\/servicios-sistemas-1.webp\" class=\"attachment-large size-large wp-image-2590\" alt=\"Dise\u00f1o de Productos Digitales\" srcset=\"https:\/\/borx.cl\/wp-content\/uploads\/2025\/08\/servicios-sistemas-1.webp 500w, https:\/\/borx.cl\/wp-content\/uploads\/2025\/08\/servicios-sistemas-1-300x300.webp 300w, https:\/\/borx.cl\/wp-content\/uploads\/2025\/08\/servicios-sistemas-1-150x150.webp 150w, https:\/\/borx.cl\/wp-content\/uploads\/2025\/08\/servicios-sistemas-1-12x12.webp 12w\" sizes=\"(max-width: 500px) 100vw, 500px\" \/>\t\t\t\t\t\t\t\t\t\t\t\t\t\t\t<\/div>\n\t\t\t\t<\/div>\n\t\t\t\t<\/div>\n\t\t<div class=\"elementor-element elementor-element-9cbf9e3 e-con-full e-flex e-con e-child\" data-id=\"9cbf9e3\" data-element_type=\"container\" data-e-type=\"container\">\n\t\t\t\t<div class=\"elementor-element elementor-element-3c19206 elementor-widget elementor-widget-heading\" data-id=\"3c19206\" data-element_type=\"widget\" data-e-type=\"widget\" data-widget_type=\"heading.default\">\n\t\t\t\t<div class=\"elementor-widget-container\">\n\t\t\t\t\t<h2 class=\"elementor-heading-title elementor-size-default\">Digital Product Design<\/h2>\t\t\t\t<\/div>\n\t\t\t\t<\/div>\n\t\t\t\t<div class=\"elementor-element elementor-element-a4384e0 elementor-widget elementor-widget-text-editor\" data-id=\"a4384e0\" data-element_type=\"widget\" data-e-type=\"widget\" data-widget_type=\"text-editor.default\">\n\t\t\t\t<div class=\"elementor-widget-container\">\n\t\t\t\t\t\t\t\t\t<p class=\"p1\">Complete development of digital products, working with innovation and product methodologies for good development and scalability.<\/p>\t\t\t\t\t\t\t\t<\/div>\n\t\t\t\t<\/div>\n\t\t\t\t<\/div>\n\t\t\t\t\t<\/div>\n\t\t\t\t<\/div>\n\t\t\t\t<\/div>","protected":false},"excerpt":{"rendered":"<p>Servicios Soluciones Tecnol\u00f3gicas a la Medida de tu Negocio En Borx | Tech Partner \u00a0impulsamos la transformaci\u00f3n digital de tu empresa a trav\u00e9s de soluciones innovadoras y adaptadas a tus necesidades. Nuestro enfoque combina desarrollo tecnol\u00f3gico, experiencia en la industria y una visi\u00f3n estrat\u00e9gica para optimizar procesos, potenciar tu productividad y escalar tus productos digitales [&hellip;]<\/p>\n","protected":false},"author":1,"featured_media":0,"parent":0,"menu_order":0,"comment_status":"closed","ping_status":"closed","template":"page-templates\/home-1-template.php","meta":{"inline_featured_image":false,"footnotes":""},"class_list":["post-18","page","type-page","status-publish","hentry"],"aioseo_notices":[],"_links":{"self":[{"href":"https:\/\/borx.cl\/en\/wp-json\/wp\/v2\/pages\/18","targetHints":{"allow":["GET"]}}],"collection":[{"href":"https:\/\/borx.cl\/en\/wp-json\/wp\/v2\/pages"}],"about":[{"href":"https:\/\/borx.cl\/en\/wp-json\/wp\/v2\/types\/page"}],"author":[{"embeddable":true,"href":"https:\/\/borx.cl\/en\/wp-json\/wp\/v2\/users\/1"}],"replies":[{"embeddable":true,"href":"https:\/\/borx.cl\/en\/wp-json\/wp\/v2\/comments?post=18"}],"version-history":[{"count":44,"href":"https:\/\/borx.cl\/en\/wp-json\/wp\/v2\/pages\/18\/revisions"}],"predecessor-version":[{"id":2969,"href":"https:\/\/borx.cl\/en\/wp-json\/wp\/v2\/pages\/18\/revisions\/2969"}],"wp:attachment":[{"href":"https:\/\/borx.cl\/en\/wp-json\/wp\/v2\/media?parent=18"}],"curies":[{"name":"wp","href":"https:\/\/api.w.org\/{rel}","templated":true}]}}