{"id":2831,"date":"2025-08-11T18:26:34","date_gmt":"2025-08-11T18:26:34","guid":{"rendered":"https:\/\/borx.cl\/?page_id=2831"},"modified":"2025-08-21T18:40:29","modified_gmt":"2025-08-21T18:40:29","slug":"conocenos","status":"publish","type":"page","link":"https:\/\/borx.cl\/en\/conocenos\/","title":{"rendered":"Get to Know Us"},"content":{"rendered":"<div data-elementor-type=\"wp-page\" data-elementor-id=\"2831\" class=\"elementor elementor-2831\" data-elementor-post-type=\"page\">\n\t\t\t\t<div class=\"elementor-element elementor-element-effcfa8 e-con-full e-flex e-con e-parent\" data-id=\"effcfa8\" data-element_type=\"container\" data-e-type=\"container\" data-settings=\"{&quot;background_background&quot;:&quot;classic&quot;}\">\n\t\t<div class=\"elementor-element elementor-element-a7cc68c e-flex e-con-boxed e-con e-child\" data-id=\"a7cc68c\" data-element_type=\"container\" data-e-type=\"container\">\n\t\t\t\t\t<div class=\"e-con-inner\">\n\t\t\t\t<div class=\"elementor-element elementor-element-4573ca1 elementor-widget elementor-widget-heading\" data-id=\"4573ca1\" data-element_type=\"widget\" data-e-type=\"widget\" data-widget_type=\"heading.default\">\n\t\t\t\t<div class=\"elementor-widget-container\">\n\t\t\t\t\t<h1 class=\"elementor-heading-title elementor-size-default\">Get to Know Us<\/h1>\t\t\t\t<\/div>\n\t\t\t\t<\/div>\n\t\t\t\t\t<\/div>\n\t\t\t\t<\/div>\n\t\t\t\t<\/div>\n\t\t<div class=\"elementor-element elementor-element-6fce97f e-flex e-con-boxed e-con e-parent\" data-id=\"6fce97f\" data-element_type=\"container\" data-e-type=\"container\">\n\t\t\t\t\t<div class=\"e-con-inner\">\n\t\t<div class=\"elementor-element elementor-element-4afa66f e-con-full e-flex e-con e-child\" data-id=\"4afa66f\" data-element_type=\"container\" data-e-type=\"container\">\n\t\t\t\t<div class=\"elementor-element elementor-element-3c84aa3 elementor-widget elementor-widget-heading\" data-id=\"3c84aa3\" data-element_type=\"widget\" data-e-type=\"widget\" data-widget_type=\"heading.default\">\n\t\t\t\t<div class=\"elementor-widget-container\">\n\t\t\t\t\t<h2 class=\"elementor-heading-title elementor-size-default\">Who are we?<\/h2>\t\t\t\t<\/div>\n\t\t\t\t<\/div>\n\t\t\t\t<div class=\"elementor-element elementor-element-dab649c elementor-widget elementor-widget-text-editor\" data-id=\"dab649c\" data-element_type=\"widget\" data-e-type=\"widget\" data-widget_type=\"text-editor.default\">\n\t\t\t\t<div class=\"elementor-widget-container\">\n\t\t\t\t\t\t\t\t\t<p class=\"p1 translation-block\">Borx Tech Partner is a company created to support the growth and technological needs of the industry. We provide technological and innovative solutions, through integrated services with a focus on global application development, working with multicultural and multinational teams. Our goal at Borx Tech is to create better digital experiences for our clients.<\/p>\t\t\t\t\t\t\t\t<\/div>\n\t\t\t\t<\/div>\n\t\t\t\t<\/div>\n\t\t<div class=\"elementor-element elementor-element-615e022 e-con-full e-flex e-con e-child\" data-id=\"615e022\" data-element_type=\"container\" data-e-type=\"container\">\n\t\t\t\t<div class=\"elementor-element elementor-element-57e605f elementor-widget elementor-widget-image\" data-id=\"57e605f\" data-element_type=\"widget\" data-e-type=\"widget\" data-widget_type=\"image.default\">\n\t\t\t\t<div class=\"elementor-widget-container\">\n\t\t\t\t\t\t\t\t\t\t\t\t\t\t\t<img fetchpriority=\"high\" decoding=\"async\" width=\"900\" height=\"675\" src=\"https:\/\/borx.cl\/wp-content\/uploads\/2025\/08\/imgi_57_photo-1554902843-260acd0993f8.webp\" class=\"attachment-large size-large wp-image-2835\" alt=\"Team Borx Tech\" srcset=\"https:\/\/borx.cl\/wp-content\/uploads\/2025\/08\/imgi_57_photo-1554902843-260acd0993f8.webp 960w, https:\/\/borx.cl\/wp-content\/uploads\/2025\/08\/imgi_57_photo-1554902843-260acd0993f8-300x225.webp 300w, https:\/\/borx.cl\/wp-content\/uploads\/2025\/08\/imgi_57_photo-1554902843-260acd0993f8-768x576.webp 768w, https:\/\/borx.cl\/wp-content\/uploads\/2025\/08\/imgi_57_photo-1554902843-260acd0993f8-16x12.webp 16w\" sizes=\"(max-width: 900px) 100vw, 900px\" \/>\t\t\t\t\t\t\t\t\t\t\t\t\t\t\t<\/div>\n\t\t\t\t<\/div>\n\t\t\t\t<\/div>\n\t\t\t\t\t<\/div>\n\t\t\t\t<\/div>\n\t\t<div class=\"elementor-element elementor-element-923d805 e-flex e-con-boxed e-con e-parent\" data-id=\"923d805\" data-element_type=\"container\" data-e-type=\"container\">\n\t\t\t\t\t<div class=\"e-con-inner\">\n\t\t<div class=\"elementor-element elementor-element-5412452 e-con-full e-flex e-con e-child\" data-id=\"5412452\" data-element_type=\"container\" data-e-type=\"container\">\n\t\t\t\t<div class=\"elementor-element elementor-element-eb255b1 elementor-widget elementor-widget-text-editor\" data-id=\"eb255b1\" data-element_type=\"widget\" data-e-type=\"widget\" data-widget_type=\"text-editor.default\">\n\t\t\t\t<div class=\"elementor-widget-container\">\n\t\t\t\t\t\t\t\t\t<p class=\"p1\">We are able to deliver services of excellence, managing global solutions and working with multinational and multicultural teams, making available to our clients, the best practices of the industry at an international level.\u00a0<\/p>\t\t\t\t\t\t\t\t<\/div>\n\t\t\t\t<\/div>\n\t\t\t\t<div class=\"elementor-element elementor-element-4319d9f elementor-widget-divider--view-line elementor-widget elementor-widget-divider\" data-id=\"4319d9f\" data-element_type=\"widget\" data-e-type=\"widget\" data-widget_type=\"divider.default\">\n\t\t\t\t<div class=\"elementor-widget-container\">\n\t\t\t\t\t\t\t<div class=\"elementor-divider\">\n\t\t\t<span class=\"elementor-divider-separator\">\n\t\t\t\t\t\t<\/span>\n\t\t<\/div>\n\t\t\t\t\t\t<\/div>\n\t\t\t\t<\/div>\n\t\t\t\t<div class=\"elementor-element elementor-element-9663d54 elementor-widget elementor-widget-heading\" data-id=\"9663d54\" data-element_type=\"widget\" data-e-type=\"widget\" data-widget_type=\"heading.default\">\n\t\t\t\t<div class=\"elementor-widget-container\">\n\t\t\t\t\t<h2 class=\"elementor-heading-title elementor-size-default\">How much do we value\ndiversity\nin the company?<\/h2>\t\t\t\t<\/div>\n\t\t\t\t<\/div>\n\t\t\t\t<div class=\"elementor-element elementor-element-c2d52ef elementor-widget elementor-widget-text-editor\" data-id=\"c2d52ef\" data-element_type=\"widget\" data-e-type=\"widget\" data-widget_type=\"text-editor.default\">\n\t\t\t\t<div class=\"elementor-widget-container\">\n\t\t\t\t\t\t\t\t\t<p class=\"p1\">We value diversity because we believe that great solutions and ideas are born when different experiences and ways of thinking converge.<\/p><p class=\"p1 translation-block\">At <strong>Borx Tech Partner<\/strong> we implement a Global Business Services approach, in which diversity comes in many forms, from nationality and culture to the wide variety of professions and skills such as data scientists, bot developers, Agile specialists, Lean Six Sigma and many more!<\/p><p class=\"p1\">Our approach of working with international technology alliances allows us to implement smarter ways of workflow management and digital transformation projects.<\/p>\t\t\t\t\t\t\t\t<\/div>\n\t\t\t\t<\/div>\n\t\t\t\t<div class=\"elementor-element elementor-element-aff9517 elementor-widget elementor-widget-image\" data-id=\"aff9517\" data-element_type=\"widget\" data-e-type=\"widget\" data-widget_type=\"image.default\">\n\t\t\t\t<div class=\"elementor-widget-container\">\n\t\t\t\t\t\t\t\t\t\t\t\t\t\t\t<img decoding=\"async\" width=\"900\" height=\"600\" src=\"https:\/\/borx.cl\/wp-content\/uploads\/2025\/08\/equipo-de-trabajo-1024x683.webp\" class=\"attachment-large size-large wp-image-2836\" alt=\"Equipo de Trabajo\" srcset=\"https:\/\/borx.cl\/wp-content\/uploads\/2025\/08\/equipo-de-trabajo-1024x683.webp 1024w, https:\/\/borx.cl\/wp-content\/uploads\/2025\/08\/equipo-de-trabajo-300x200.webp 300w, https:\/\/borx.cl\/wp-content\/uploads\/2025\/08\/equipo-de-trabajo-768x512.webp 768w, https:\/\/borx.cl\/wp-content\/uploads\/2025\/08\/equipo-de-trabajo-18x12.webp 18w, https:\/\/borx.cl\/wp-content\/uploads\/2025\/08\/equipo-de-trabajo.webp 1080w\" sizes=\"(max-width: 900px) 100vw, 900px\" \/>\t\t\t\t\t\t\t\t\t\t\t\t\t\t\t<\/div>\n\t\t\t\t<\/div>\n\t\t\t\t<\/div>\n\t\t\t\t\t<\/div>\n\t\t\t\t<\/div>\n\t\t<div class=\"elementor-element elementor-element-f701d67 e-flex e-con-boxed e-con e-parent\" data-id=\"f701d67\" data-element_type=\"container\" data-e-type=\"container\">\n\t\t\t\t\t<div class=\"e-con-inner\">\n\t\t<div class=\"elementor-element elementor-element-ca861d3 e-con-full e-flex e-con e-child\" data-id=\"ca861d3\" data-element_type=\"container\" data-e-type=\"container\" data-settings=\"{&quot;background_background&quot;:&quot;classic&quot;}\">\n\t\t\t\t<div class=\"elementor-element elementor-element-1c895b0 elementor-widget elementor-widget-heading\" data-id=\"1c895b0\" data-element_type=\"widget\" data-e-type=\"widget\" data-widget_type=\"heading.default\">\n\t\t\t\t<div class=\"elementor-widget-container\">\n\t\t\t\t\t<h2 class=\"elementor-heading-title elementor-size-default\">We are ready to help you transform your ideas into impactful technology solutions.<\/h2>\t\t\t\t<\/div>\n\t\t\t\t<\/div>\n\t\t\t\t<div class=\"elementor-element elementor-element-6060707 elementor-align-center elementor-widget elementor-widget-button\" data-id=\"6060707\" data-element_type=\"widget\" data-e-type=\"widget\" data-widget_type=\"button.default\">\n\t\t\t\t<div class=\"elementor-widget-container\">\n\t\t\t\t\t\t\t\t\t<div class=\"elementor-button-wrapper\">\n\t\t\t\t\t<a class=\"elementor-button elementor-button-link elementor-size-sm\" href=\"https:\/\/borx.cl\/en\/contacto\/\">\n\t\t\t\t\t\t<span class=\"elementor-button-content-wrapper\">\n\t\t\t\t\t\t\t\t\t<span class=\"elementor-button-text\">Contact us <\/span>\n\t\t\t\t\t<\/span>\n\t\t\t\t\t<\/a>\n\t\t\t\t<\/div>\n\t\t\t\t\t\t\t\t<\/div>\n\t\t\t\t<\/div>\n\t\t\t\t<\/div>\n\t\t\t\t\t<\/div>\n\t\t\t\t<\/div>\n\t\t\t\t<\/div>","protected":false},"excerpt":{"rendered":"<p>Con\u00f3cenos \u00bfQui\u00e9nes somos? Borx Tech Partner es una empresa que nace con el fin de apoyar el crecimiento y necesidad tecnol\u00f3gica de la Industria. Proporcionamos soluciones tecnol\u00f3gicas e innovadoras, a trav\u00e9s de servicios integrados con foco en el desarrollo de aplicaciones globales, trabajando con equipos multiculturales y multinacionales. Nuestro Objetivo en Borx Tech es crear [&hellip;]<\/p>\n","protected":false},"author":1,"featured_media":0,"parent":0,"menu_order":0,"comment_status":"closed","ping_status":"closed","template":"elementor_header_footer","meta":{"inline_featured_image":false,"footnotes":""},"class_list":["post-2831","page","type-page","status-publish","hentry"],"aioseo_notices":[],"_links":{"self":[{"href":"https:\/\/borx.cl\/en\/wp-json\/wp\/v2\/pages\/2831","targetHints":{"allow":["GET"]}}],"collection":[{"href":"https:\/\/borx.cl\/en\/wp-json\/wp\/v2\/pages"}],"about":[{"href":"https:\/\/borx.cl\/en\/wp-json\/wp\/v2\/types\/page"}],"author":[{"embeddable":true,"href":"https:\/\/borx.cl\/en\/wp-json\/wp\/v2\/users\/1"}],"replies":[{"embeddable":true,"href":"https:\/\/borx.cl\/en\/wp-json\/wp\/v2\/comments?post=2831"}],"version-history":[{"count":26,"href":"https:\/\/borx.cl\/en\/wp-json\/wp\/v2\/pages\/2831\/revisions"}],"predecessor-version":[{"id":3032,"href":"https:\/\/borx.cl\/en\/wp-json\/wp\/v2\/pages\/2831\/revisions\/3032"}],"wp:attachment":[{"href":"https:\/\/borx.cl\/en\/wp-json\/wp\/v2\/media?parent=2831"}],"curies":[{"name":"wp","href":"https:\/\/api.w.org\/{rel}","templated":true}]}}