{"id":3046,"date":"2025-08-22T18:19:43","date_gmt":"2025-08-22T18:19:43","guid":{"rendered":"https:\/\/borx.cl\/?page_id=3046"},"modified":"2025-08-26T22:20:35","modified_gmt":"2025-08-26T22:20:35","slug":"politica-de-privacidad","status":"publish","type":"page","link":"https:\/\/borx.cl\/en\/politica-de-privacidad\/","title":{"rendered":"Privacy Policy"},"content":{"rendered":"<div data-elementor-type=\"wp-page\" data-elementor-id=\"3046\" class=\"elementor elementor-3046\" data-elementor-post-type=\"page\">\n\t\t\t\t<div class=\"elementor-element elementor-element-d747205 e-flex e-con-boxed e-con e-parent\" data-id=\"d747205\" data-element_type=\"container\" data-e-type=\"container\" data-settings=\"{&quot;background_background&quot;:&quot;classic&quot;}\">\n\t\t\t\t\t<div class=\"e-con-inner\">\n\t\t\t\t\t<\/div>\n\t\t\t\t<\/div>\n\t\t<div class=\"elementor-element elementor-element-3b63313 e-flex e-con-boxed e-con e-parent\" data-id=\"3b63313\" data-element_type=\"container\" data-e-type=\"container\">\n\t\t\t\t\t<div class=\"e-con-inner\">\n\t\t<div class=\"elementor-element elementor-element-044dc3a e-con-full e-flex e-con e-child\" data-id=\"044dc3a\" data-element_type=\"container\" data-e-type=\"container\">\n\t\t\t\t<div class=\"elementor-element elementor-element-1a942dc elementor-widget elementor-widget-heading\" data-id=\"1a942dc\" data-element_type=\"widget\" data-e-type=\"widget\" data-widget_type=\"heading.default\">\n\t\t\t\t<div class=\"elementor-widget-container\">\n\t\t\t\t\t<h1 class=\"elementor-heading-title elementor-size-default\">Pol\u00edtica de Privacidad<\/h1>\t\t\t\t<\/div>\n\t\t\t\t<\/div>\n\t\t\t\t<div class=\"elementor-element elementor-element-722e2a9 elementor-widget elementor-widget-text-editor\" data-id=\"722e2a9\" data-element_type=\"widget\" data-e-type=\"widget\" data-widget_type=\"text-editor.default\">\n\t\t\t\t<div class=\"elementor-widget-container\">\n\t\t\t\t\t\t\t\t\t<div id=\"6912110ec2e3bf00\" class=\"conversation-container message-actions-hover-boundary ng-star-inserted\"><div class=\"response-container ng-tns-c3340935982-20 response-container-with-gpi ng-star-inserted\"><div class=\"presented-response-container ng-tns-c3340935982-20\"><div class=\"response-container-content ng-tns-c3340935982-20\"><div class=\"response-content ng-tns-c3340935982-20\"><div id=\"model-response-message-contentr_6912110ec2e3bf00\" class=\"markdown markdown-main-panel stronger enable-updated-hr-color\" dir=\"ltr\"><p><b>Borx Spa<\/b><span style=\"font-weight: 400;\">, comercialmente conocido como <\/span><b>Borx Tech<\/b><span style=\"font-weight: 400;\">,<\/span> con domicilio en Santiago, Chile, es el responsable del tratamiento de sus datos personales. En Borx Tech, nos comprometemos a proteger su privacidad y a manejar su informaci\u00f3n de acuerdo con la Ley N\u00b0 19.628, sobre la Protecci\u00f3n de la Vida Privada.<\/p><h3>Finalidades del Tratamiento de Datos<\/h3><p>Los datos personales que recopilamos son utilizados para las siguientes finalidades:<\/p><ul><li><p><b>Atenci\u00f3n y Contacto:<\/b> Responder a los mensajes enviados a trav\u00e9s de nuestro formulario de contacto en el sitio web y gestionar las comunicaciones que usted inicie.<\/p><\/li><li><p><b>Prestaci\u00f3n de Servicios:<\/b> Proporcionar y gestionar los servicios que usted solicite o contrate, incluyendo la emisi\u00f3n de facturas o boletas y la atenci\u00f3n de consultas post-venta.<\/p><\/li><\/ul><h3>Datos Personales Recopilados<\/h3><p>Para cumplir con las finalidades mencionadas, podemos recopilar y tratar los siguientes tipos de datos personales:<\/p><ul><li><p><b>Datos de Identificaci\u00f3n y Contacto:<\/b> Nombre completo, direcci\u00f3n de correo electr\u00f3nico, n\u00famero de tel\u00e9fono.<\/p><\/li><li><p><b>Datos de Uso:<\/b> Informaci\u00f3n sobre su interacci\u00f3n con nuestro sitio web, como la direcci\u00f3n IP y el navegador utilizado.<\/p><\/li><\/ul><h3>Derechos del Titular de los Datos Personales<\/h3><p>Como titular de sus datos personales, usted tiene los siguientes derechos, que en la normativa chilena se reconocen como derechos de <b>acceso, rectificaci\u00f3n, cancelaci\u00f3n y oposici\u00f3n<\/b>.<\/p><ul><li><p><b>Acceso:<\/b> Conocer qu\u00e9 datos personales tenemos de usted, para qu\u00e9 los utilizamos y las condiciones de uso.<\/p><\/li><li><p><b>Rectificaci\u00f3n:<\/b> Solicitar la correcci\u00f3n de sus datos personales si est\u00e1n incompletos, desactualizados o son inexactos.<\/p><\/li><li><p><b>Cancelaci\u00f3n (o Bloqueo):<\/b> Pedir la eliminaci\u00f3n o el bloqueo de sus datos de nuestros registros si no est\u00e1n siendo utilizados adecuadamente.<\/p><\/li><li><p><b>Oposici\u00f3n:<\/b> Oponerse a que sus datos sean utilizados para fines espec\u00edficos, como el env\u00edo de comunicaciones comerciales.<\/p><\/li><\/ul><h3>Ejercicio de los Derechos<\/h3><p>Para ejercer cualquiera de estos derechos, usted puede presentar una solicitud a trav\u00e9s de nuestro <a href=\"https:\/\/borx.cl\/en\/solicita-el-ejercicio-de-tus-derechos\/\"><b>formulario de contacto<\/b><\/a> en el sitio web. Su solicitud debe incluir su nombre completo, una copia de su documento de identidad y una descripci\u00f3n clara de los derechos que desea ejercer.<\/p><p>Le responderemos en un plazo m\u00e1ximo de 20 d\u00edas h\u00e1biles.<\/p><h3>Contact<\/h3><p>Para m\u00e1s informaci\u00f3n o consultas sobre este aviso de privacidad, puede contactarnos a trav\u00e9s de:<\/p><ul><li><p><a href=\"https:\/\/borx.cl\/en\/solicita-el-ejercicio-de-tus-derechos\/\"><b>Formulario de Contacto<\/b><\/a><\/p><\/li><li><p><b>Sitio Web:<\/b> <a class=\"ng-star-inserted\" href=\"https:\/\/borx.cl\/en\/\" target=\"_blank\" rel=\"noopener\">https:\/\/borx.cl\/<\/a><\/p><\/li><\/ul><p><b>\u00daltima actualizaci\u00f3n:<\/b> 20 de agosto de 2025<\/p><\/div><div class=\"response-footer complete gap\">\u00a0<\/div><\/div><\/div><\/div><\/div><\/div><div id=\"0d0e9c96e7629de5\" class=\"conversation-container message-actions-hover-boundary ng-star-inserted\"><div class=\"user-query-container user-query-bubble-container ng-star-inserted\"><div class=\"file-preview-container ng-star-inserted\">\u00a0<\/div><div id=\"user-query-content-3\" class=\"query-content ng-star-inserted verticle-align-for-single-line-text\"><div class=\"ng-star-inserted\">\u00a0<\/div><div class=\"query-text gds-body-l\" dir=\"ltr\" role=\"heading\" aria-level=\"2\"><p class=\"query-text-line ng-star-inserted\">\u00a0<\/p><\/div><\/div><\/div><\/div>\t\t\t\t\t\t\t\t<\/div>\n\t\t\t\t<\/div>\n\t\t\t\t<\/div>\n\t\t\t\t\t<\/div>\n\t\t\t\t<\/div>\n\t\t\t\t<\/div>","protected":false},"excerpt":{"rendered":"<p>Pol\u00edtica de Privacidad Borx Spa, comercialmente conocido como Borx Tech, con domicilio en Santiago, Chile, es el responsable del tratamiento de sus datos personales. En Borx Tech, nos comprometemos a proteger su privacidad y a manejar su informaci\u00f3n de acuerdo con la Ley N\u00b0 19.628, sobre la Protecci\u00f3n de la Vida Privada. Finalidades del Tratamiento [&hellip;]<\/p>\n","protected":false},"author":1,"featured_media":0,"parent":0,"menu_order":0,"comment_status":"closed","ping_status":"closed","template":"elementor_header_footer","meta":{"inline_featured_image":false,"footnotes":""},"class_list":["post-3046","page","type-page","status-publish","hentry"],"aioseo_notices":[],"_links":{"self":[{"href":"https:\/\/borx.cl\/en\/wp-json\/wp\/v2\/pages\/3046","targetHints":{"allow":["GET"]}}],"collection":[{"href":"https:\/\/borx.cl\/en\/wp-json\/wp\/v2\/pages"}],"about":[{"href":"https:\/\/borx.cl\/en\/wp-json\/wp\/v2\/types\/page"}],"author":[{"embeddable":true,"href":"https:\/\/borx.cl\/en\/wp-json\/wp\/v2\/users\/1"}],"replies":[{"embeddable":true,"href":"https:\/\/borx.cl\/en\/wp-json\/wp\/v2\/comments?post=3046"}],"version-history":[{"count":38,"href":"https:\/\/borx.cl\/en\/wp-json\/wp\/v2\/pages\/3046\/revisions"}],"predecessor-version":[{"id":3163,"href":"https:\/\/borx.cl\/en\/wp-json\/wp\/v2\/pages\/3046\/revisions\/3163"}],"wp:attachment":[{"href":"https:\/\/borx.cl\/en\/wp-json\/wp\/v2\/media?parent=3046"}],"curies":[{"name":"wp","href":"https:\/\/api.w.org\/{rel}","templated":true}]}}