{"id":3147,"date":"2025-08-26T21:52:03","date_gmt":"2025-08-26T21:52:03","guid":{"rendered":"https:\/\/borx.cl\/?page_id=3147"},"modified":"2025-08-26T22:18:52","modified_gmt":"2025-08-26T22:18:52","slug":"solicita-el-ejercicio-de-tus-derechos","status":"publish","type":"page","link":"https:\/\/borx.cl\/en\/solicita-el-ejercicio-de-tus-derechos\/","title":{"rendered":"Request to exercise your rights"},"content":{"rendered":"\t\t<div data-elementor-type=\"wp-page\" data-elementor-id=\"3147\" class=\"elementor elementor-3147\" data-elementor-post-type=\"page\">\n\t\t\t\t<div class=\"elementor-element elementor-element-da3a816 e-con-full e-flex e-con e-parent\" data-id=\"da3a816\" data-element_type=\"container\" data-e-type=\"container\">\n\t\t\t\t<\/div>\n\t\t<div class=\"elementor-element elementor-element-e42fd29 e-flex e-con-boxed e-con e-parent\" data-id=\"e42fd29\" data-element_type=\"container\" data-e-type=\"container\">\n\t\t\t\t\t<div class=\"e-con-inner\">\n\t\t<div class=\"elementor-element elementor-element-c3d2e48 e-con-full e-flex e-con e-child\" data-id=\"c3d2e48\" data-element_type=\"container\" data-e-type=\"container\">\n\t\t\t\t<div class=\"elementor-element elementor-element-09f2e0f elementor-widget elementor-widget-heading\" data-id=\"09f2e0f\" data-element_type=\"widget\" data-e-type=\"widget\" data-widget_type=\"heading.default\">\n\t\t\t\t<div class=\"elementor-widget-container\">\n\t\t\t\t\t<h1 class=\"elementor-heading-title elementor-size-default\">Solicita el ejercicio de tus derechos<\/h1>\t\t\t\t<\/div>\n\t\t\t\t<\/div>\n\t\t\t\t<div class=\"elementor-element elementor-element-abd5f52 elementor-widget elementor-widget-text-editor\" data-id=\"abd5f52\" data-element_type=\"widget\" data-e-type=\"widget\" data-widget_type=\"text-editor.default\">\n\t\t\t\t<div class=\"elementor-widget-container\">\n\t\t\t\t\t\t\t\t\t<p>Utiliza este formulario para ejercer tus derechos de <b>acceso, rectificaci\u00f3n, cancelaci\u00f3n u oposici\u00f3n<\/b> sobre tus datos personales.<\/p><p>Por favor, completa la siguiente informaci\u00f3n para que podamos procesar tu solicitud de manera segura y eficiente. Nuestro equipo revisar\u00e1 tu petici\u00f3n y te responder\u00e1 en un plazo m\u00e1ximo de 20 d\u00edas h\u00e1biles.<\/p>\t\t\t\t\t\t\t\t<\/div>\n\t\t\t\t<\/div>\n\t\t\t\t<\/div>\n\t\t\t\t\t<\/div>\n\t\t\t\t<\/div>\n\t\t<div class=\"elementor-element elementor-element-c1523d4 e-flex e-con-boxed e-con e-parent\" data-id=\"c1523d4\" data-element_type=\"container\" data-e-type=\"container\">\n\t\t\t\t\t<div class=\"e-con-inner\">\n\t\t<div class=\"elementor-element elementor-element-c6a62c4 e-con-full elementor-hidden-tablet elementor-hidden-mobile e-flex e-con e-child\" data-id=\"c6a62c4\" data-element_type=\"container\" data-e-type=\"container\">\n\t\t\t\t<\/div>\n\t\t<div class=\"elementor-element elementor-element-8e303b1 e-con-full e-flex e-con e-child\" data-id=\"8e303b1\" data-element_type=\"container\" data-e-type=\"container\">\n\t\t\t\t<div class=\"elementor-element elementor-element-3887459 elementor-widget elementor-widget-wpforms\" data-id=\"3887459\" data-element_type=\"widget\" data-e-type=\"widget\" data-widget_type=\"wpforms.default\">\n\t\t\t\t<div class=\"elementor-widget-container\">\n\t\t\t\t\t<style id=\"wpforms-css-vars-elementor-widget-3887459\">\n\t\t\t\t.elementor-widget-wpforms.elementor-element-3887459 {\n\t\t\t\t--wpforms-field-border-radius: 10px;\n--wpforms-field-border-color: #B8B6B6;\n--wpforms-field-border-color-spare: #B8B6B6;\n--wpforms-button-border-style: solid;\n--wpforms-button-border-radius: 20px;\n--wpforms-button-background-color: #0FA7D5;\n--wpforms-button-size-font-size: 20px;\n--wpforms-button-size-height: 48px;\n--wpforms-button-size-padding-h: 20px;\n--wpforms-button-size-margin-top: 15px;\n\t\t\t}\n\t\t\t<\/style><div class=\"wpforms-container wpforms-container-full wpforms-render-modern\" id=\"wpforms-3041\"><form id=\"wpforms-form-3041\" class=\"wpforms-validate wpforms-form wpforms-ajax-form\" data-formid=\"3041\" method=\"post\" enctype=\"multipart\/form-data\" action=\"\/en\/wp-json\/wp\/v2\/pages\/3147\" data-token=\"d308f55db34d16b34cd5637bb2e296dd\" data-token-time=\"1775909100\"><noscript class=\"wpforms-error-noscript\">Please enable JavaScript in your browser to complete this form.<\/noscript><div id=\"wpforms-error-noscript\" style=\"display: none;\">Please enable JavaScript in your browser to complete this form.<\/div><div class=\"wpforms-field-container\">\t\t<div id=\"wpforms-3041-field_5-container\"\n\t\t\tclass=\"wpforms-field wpforms-field-text\"\n\t\t\tdata-field-type=\"text\"\n\t\t\tdata-field-id=\"5\"\n\t\t\t>\n\t\t\t<label class=\"wpforms-field-label\" for=\"wpforms-3041-field_5\" >texto Correo Solicitud<\/label>\n\t\t\t<input type=\"text\" id=\"wpforms-3041-field_5\" class=\"wpforms-field-medium\" name=\"wpforms[fields][5]\" >\n\t\t<\/div>\n\t\t<div id=\"wpforms-3041-field_1-container\" class=\"wpforms-field wpforms-field-name\" data-field-id=\"1\"><fieldset><legend class=\"wpforms-field-label wpforms-label-hide\" aria-hidden=\"false\">Nombre <span class=\"wpforms-required-label\" aria-hidden=\"true\">*<\/span><\/legend><div class=\"wpforms-field-row wpforms-field-medium\"><div class=\"wpforms-field-row-block wpforms-first wpforms-one-half\"><input type=\"text\" id=\"wpforms-3041-field_1\" class=\"wpforms-field-name-first wpforms-field-required\" name=\"wpforms[fields][1][first]\" placeholder=\"Nombre\" aria-errormessage=\"wpforms-3041-field_1-error\" required><label for=\"wpforms-3041-field_1\" class=\"wpforms-field-sublabel after wpforms-sublabel-hide\">First<\/label><\/div><div class=\"wpforms-field-row-block wpforms-one-half\"><input type=\"text\" id=\"wpforms-3041-field_1-last\" class=\"wpforms-field-name-last wpforms-field-required\" name=\"wpforms[fields][1][last]\" placeholder=\"Apellidos \" aria-errormessage=\"wpforms-3041-field_1-last-error\" required><label for=\"wpforms-3041-field_1-last\" class=\"wpforms-field-sublabel after wpforms-sublabel-hide\">Last<\/label><\/div><\/div><\/fieldset><\/div><div id=\"wpforms-3041-field_2-container\" class=\"wpforms-field wpforms-field-email\" data-field-id=\"2\"><label class=\"wpforms-field-label wpforms-label-hide\" for=\"wpforms-3041-field_2\" aria-hidden=\"false\">Correo electr\u00f3nico <span class=\"wpforms-required-label\" aria-hidden=\"true\">*<\/span><\/label><input type=\"email\" id=\"wpforms-3041-field_2\" class=\"wpforms-field-medium wpforms-field-required\" name=\"wpforms[fields][2]\" placeholder=\"Correo Electr\u00f3nico \" spellcheck=\"false\" aria-errormessage=\"wpforms-3041-field_2-error\" required><\/div><div id=\"wpforms-3041-field_3-container\" class=\"wpforms-field wpforms-field-checkbox\" data-field-id=\"3\"><fieldset><legend class=\"wpforms-field-label wpforms-label-hide\" aria-hidden=\"false\">Selecciona tu Solicitud <span class=\"wpforms-required-label\" aria-hidden=\"true\">*<\/span><\/legend><ul id=\"wpforms-3041-field_3\" class=\"wpforms-field-required\"><li class=\"choice-1 depth-1\"><input type=\"checkbox\" id=\"wpforms-3041-field_3_1\" name=\"wpforms[fields][3][]\" value=\"Acceso\" aria-errormessage=\"wpforms-3041-field_3_1-error\" required ><label class=\"wpforms-field-label-inline\" for=\"wpforms-3041-field_3_1\">Acceso<\/label><\/li><li class=\"choice-2 depth-1\"><input type=\"checkbox\" id=\"wpforms-3041-field_3_2\" name=\"wpforms[fields][3][]\" value=\"Rectificaci\u00f3n\" aria-errormessage=\"wpforms-3041-field_3_2-error\" required ><label class=\"wpforms-field-label-inline\" for=\"wpforms-3041-field_3_2\">Rectificaci\u00f3n<\/label><\/li><li class=\"choice-3 depth-1\"><input type=\"checkbox\" id=\"wpforms-3041-field_3_3\" name=\"wpforms[fields][3][]\" value=\"Cancelaci\u00f3n\" aria-errormessage=\"wpforms-3041-field_3_3-error\" required ><label class=\"wpforms-field-label-inline\" for=\"wpforms-3041-field_3_3\">Cancelaci\u00f3n<\/label><\/li><li class=\"choice-4 depth-1\"><input type=\"checkbox\" id=\"wpforms-3041-field_3_4\" name=\"wpforms[fields][3][]\" value=\"Oposici\u00f3n\" aria-errormessage=\"wpforms-3041-field_3_4-error\" required ><label class=\"wpforms-field-label-inline\" for=\"wpforms-3041-field_3_4\">Oposici\u00f3n<\/label><\/li><\/ul><\/fieldset><\/div><div id=\"wpforms-3041-field_4-container\" class=\"wpforms-field wpforms-field-textarea\" data-field-id=\"4\"><label class=\"wpforms-field-label wpforms-label-hide\" for=\"wpforms-3041-field_4\" aria-hidden=\"false\">P\u00e1rrafo de texto<\/label><textarea id=\"wpforms-3041-field_4\" class=\"wpforms-field-medium\" name=\"wpforms[fields][4]\" placeholder=\"Detalles de tu Solicitud\" aria-errormessage=\"wpforms-3041-field_4-error\" ><\/textarea><\/div><script>\n\t\t\t\t( function() {\n\t\t\t\t\tconst style = document.createElement( 'style' );\n\t\t\t\t\tstyle.appendChild( document.createTextNode( '#wpforms-3041-field_5-container { position: absolute !important; overflow: hidden !important; display: inline !important; height: 1px !important; width: 1px !important; z-index: -1000 !important; padding: 0 !important; } #wpforms-3041-field_5-container input { visibility: hidden; } #wpforms-conversational-form-page #wpforms-3041-field_5-container label { counter-increment: none; }' ) );\n\t\t\t\t\tdocument.head.appendChild( style );\n\t\t\t\t\tdocument.currentScript?.remove();\n\t\t\t\t} )();\n\t\t\t<\/script><\/div><!-- .wpforms-field-container --><div class=\"wpforms-recaptcha-container wpforms-is-recaptcha wpforms-is-recaptcha-type-v2\" ><div class=\"g-recaptcha\" data-sitekey=\"6Ld1n6srAAAAAETdjp5Fa47EwA0O_pfgJ6RAD92G\"><\/div><input type=\"text\" name=\"g-recaptcha-hidden\" class=\"wpforms-recaptcha-hidden\" style=\"position:absolute!important;clip:rect(0,0,0,0)!important;height:1px!important;width:1px!important;border:0!important;overflow:hidden!important;padding:0!important;margin:0!important;\" data-rule-recaptcha=\"1\"><\/div><div class=\"wpforms-submit-container\" ><input type=\"hidden\" name=\"wpforms[id]\" value=\"3041\"><input type=\"hidden\" name=\"page_title\" value=\"\"><input type=\"hidden\" name=\"page_url\" value=\"https:\/\/borx.cl\/en\/wp-json\/wp\/v2\/pages\/3147\"><input type=\"hidden\" name=\"url_referer\" value=\"\"><button type=\"submit\" name=\"wpforms[submit]\" id=\"wpforms-submit-3041\" class=\"wpforms-submit\" data-alt-text=\"Enviando...\" data-submit-text=\"Enviar\" aria-live=\"assertive\" value=\"wpforms-submit\">Enviar<\/button><img decoding=\"async\" src=\"https:\/\/borx.cl\/wp-content\/plugins\/wpforms-lite\/assets\/images\/submit-spin.svg\" class=\"wpforms-submit-spinner\" style=\"display: none;\" width=\"26\" height=\"26\" alt=\"Loading\"><\/div><\/form><\/div>  <!-- .wpforms-container -->\t\t\t\t<\/div>\n\t\t\t\t<\/div>\n\t\t\t\t<\/div>\n\t\t<div class=\"elementor-element elementor-element-df34532 e-con-full elementor-hidden-tablet elementor-hidden-mobile e-flex e-con e-child\" data-id=\"df34532\" data-element_type=\"container\" data-e-type=\"container\">\n\t\t\t\t<\/div>\n\t\t\t\t\t<\/div>\n\t\t\t\t<\/div>\n\t\t\t\t<\/div>\n\t\t","protected":false},"excerpt":{"rendered":"<p>Solicita el ejercicio de tus derechos Utiliza este formulario para ejercer tus derechos de acceso, rectificaci\u00f3n, cancelaci\u00f3n u oposici\u00f3n sobre tus datos personales. Por favor, completa la siguiente informaci\u00f3n para que podamos procesar tu solicitud de manera segura y eficiente. Nuestro equipo revisar\u00e1 tu petici\u00f3n y te responder\u00e1 en un plazo m\u00e1ximo de 20 d\u00edas [&hellip;]<\/p>\n","protected":false},"author":1,"featured_media":0,"parent":0,"menu_order":0,"comment_status":"closed","ping_status":"closed","template":"elementor_header_footer","meta":{"inline_featured_image":false,"footnotes":""},"class_list":["post-3147","page","type-page","status-publish","hentry"],"aioseo_notices":[],"_links":{"self":[{"href":"https:\/\/borx.cl\/en\/wp-json\/wp\/v2\/pages\/3147","targetHints":{"allow":["GET"]}}],"collection":[{"href":"https:\/\/borx.cl\/en\/wp-json\/wp\/v2\/pages"}],"about":[{"href":"https:\/\/borx.cl\/en\/wp-json\/wp\/v2\/types\/page"}],"author":[{"embeddable":true,"href":"https:\/\/borx.cl\/en\/wp-json\/wp\/v2\/users\/1"}],"replies":[{"embeddable":true,"href":"https:\/\/borx.cl\/en\/wp-json\/wp\/v2\/comments?post=3147"}],"version-history":[{"count":11,"href":"https:\/\/borx.cl\/en\/wp-json\/wp\/v2\/pages\/3147\/revisions"}],"predecessor-version":[{"id":3160,"href":"https:\/\/borx.cl\/en\/wp-json\/wp\/v2\/pages\/3147\/revisions\/3160"}],"wp:attachment":[{"href":"https:\/\/borx.cl\/en\/wp-json\/wp\/v2\/media?parent=3147"}],"curies":[{"name":"wp","href":"https:\/\/api.w.org\/{rel}","templated":true}]}}